{"id":3310,"date":"2025-10-27T13:48:31","date_gmt":"2025-10-27T18:48:31","guid":{"rendered":"https:\/\/www.trenlocal.pe\/?page_id=3310"},"modified":"2025-10-27T13:49:25","modified_gmt":"2025-10-27T18:49:25","slug":"nawpaq-qillqakuna-chaymanta-ruwanakuna","status":"publish","type":"page","link":"https:\/\/www.trenlocal.pe\/qu\/nawpaq-qillqakuna-chaymanta-ruwanakuna\/","title":{"rendered":"\u00d1awpaq qillqakuna chaymanta ruwanakuna"},"content":{"rendered":"\t\t<div data-elementor-type=\"wp-page\" data-elementor-id=\"3310\" class=\"elementor elementor-3310\" data-elementor-post-type=\"page\">\n\t\t\t\t<div class=\"elementor-element elementor-element-3ef1569f e-flex e-con-boxed e-con e-parent\" data-id=\"3ef1569f\" data-element_type=\"container\" data-settings=\"{&quot;background_background&quot;:&quot;classic&quot;}\">\n\t\t\t\t\t<div class=\"e-con-inner\">\n\t\t\t\t<div class=\"elementor-element elementor-element-4f5702e3 elementor-widget elementor-widget-heading\" data-id=\"4f5702e3\" data-element_type=\"widget\" data-widget_type=\"heading.default\">\n\t\t\t\t<div class=\"elementor-widget-container\">\n\t\t\t\t\t<h2 class=\"elementor-heading-title elementor-size-default\">\u00d1awpaq qillqakuna chaymanta ruwanakuna<\/h2>\t\t\t\t<\/div>\n\t\t\t\t<\/div>\n\t\t\t\t\t<\/div>\n\t\t\t\t<\/div>\n\t\t<div class=\"elementor-element elementor-element-76dc464f e-flex e-con-boxed e-con e-parent\" data-id=\"76dc464f\" data-element_type=\"container\">\n\t\t\t\t\t<div class=\"e-con-inner\">\n\t\t\t\t<div class=\"elementor-element elementor-element-38d7729d elementor-hidden-desktop elementor-hidden-tablet elementor-hidden-mobile elementor-widget elementor-widget-text-editor\" data-id=\"38d7729d\" data-element_type=\"widget\" data-widget_type=\"text-editor.default\">\n\t\t\t\t<div class=\"elementor-widget-container\">\n\t\t\t\t\t\t\t\t\t<p>El Tren Local est\u00e1 pensado para que puedas movilizarte de manera segura y ordenada en tu d\u00eda a d\u00eda. Cuenta con rutas y horarios fijos que se ajustan al ritmo de la comunidad, conectando Machu Picchu con diferentes puntos de la regi\u00f3n.<\/p>\t\t\t\t\t\t\t\t<\/div>\n\t\t\t\t<\/div>\n\t\t\t\t<div class=\"elementor-element elementor-element-1c70db19 elementor-hidden-desktop elementor-hidden-tablet elementor-hidden-mobile elementor-widget elementor-widget-button\" data-id=\"1c70db19\" data-element_type=\"widget\" data-widget_type=\"button.default\">\n\t\t\t\t<div class=\"elementor-widget-container\">\n\t\t\t\t\t\t\t\t\t<div class=\"elementor-button-wrapper\">\n\t\t\t\t\t<a class=\"elementor-button elementor-button-link elementor-size-sm\" href=\"https:\/\/www.trenlocal.pe\/wp-content\/uploads\/2025\/02\/Tren-Local-Horarios-Residentes.pdf\" target=\"_blank\">\n\t\t\t\t\t\t<span class=\"elementor-button-content-wrapper\">\n\t\t\t\t\t\t\t\t\t<span class=\"elementor-button-text\">Descargar rutas y horarios<\/span>\n\t\t\t\t\t<\/span>\n\t\t\t\t\t<\/a>\n\t\t\t\t<\/div>\n\t\t\t\t\t\t\t\t<\/div>\n\t\t\t\t<\/div>\n\t\t\t\t<div class=\"elementor-element elementor-element-5e51e6fe elementor-widget__width-initial elementor-widget-tablet__width-inherit elementor-widget elementor-widget-html\" data-id=\"5e51e6fe\" data-element_type=\"widget\" data-widget_type=\"html.default\">\n\t\t\t\t<div class=\"elementor-widget-container\">\n\t\t\t\t\t<div class=\"pdf-container\">\n<embed src=\"https:\/\/www.trenlocal.pe\/wp-content\/uploads\/2025\/06\/ANEXO-01-Terminos-y-Condiciones-1-1.pdf#toolbar=0\" type=\"application\/pdf\" width=\"800\" height=\"1080\" class=\"responsive-pdf\">\n<\/div>\t\t\t\t<\/div>\n\t\t\t\t<\/div>\n\t\t\t\t\t<\/div>\n\t\t\t\t<\/div>\n\t\t\t\t<\/div>\n\t\t","protected":false},"excerpt":{"rendered":"<p>\u00d1awpaq qillqakuna chaymanta ruwanakuna El Tren Local est\u00e1 pensado para que puedas movilizarte de manera segura y ordenada en tu [&hellip;]<\/p>\n","protected":false},"author":2,"featured_media":0,"parent":0,"menu_order":0,"comment_status":"closed","ping_status":"closed","template":"","meta":{"site-sidebar-layout":"no-sidebar","site-content-layout":"","ast-site-content-layout":"full-width-container","site-content-style":"default","site-sidebar-style":"default","ast-global-header-display":"","ast-banner-title-visibility":"","ast-main-header-display":"","ast-hfb-above-header-display":"","ast-hfb-below-header-display":"","ast-hfb-mobile-header-display":"","site-post-title":"disabled","ast-breadcrumbs-content":"","ast-featured-img":"disabled","footer-sml-layout":"","theme-transparent-header-meta":"","adv-header-id-meta":"","stick-header-meta":"","header-above-stick-meta":"","header-main-stick-meta":"","header-below-stick-meta":"","astra-migrate-meta-layouts":"default","ast-page-background-enabled":"default","ast-page-background-meta":{"desktop":{"background-color":"var(--ast-global-color-5)","background-image":"","background-repeat":"repeat","background-position":"center center","background-size":"auto","background-attachment":"scroll","background-type":"","background-media":"","overlay-type":"","overlay-color":"","overlay-opacity":"","overlay-gradient":""},"tablet":{"background-color":"","background-image":"","background-repeat":"repeat","background-position":"center center","background-size":"auto","background-attachment":"scroll","background-type":"","background-media":"","overlay-type":"","overlay-color":"","overlay-opacity":"","overlay-gradient":""},"mobile":{"background-color":"","background-image":"","background-repeat":"repeat","background-position":"center center","background-size":"auto","background-attachment":"scroll","background-type":"","background-media":"","overlay-type":"","overlay-color":"","overlay-opacity":"","overlay-gradient":""}},"ast-content-background-meta":{"desktop":{"background-color":"var(--ast-global-color-4)","background-image":"","background-repeat":"repeat","background-position":"center center","background-size":"auto","background-attachment":"scroll","background-type":"","background-media":"","overlay-type":"","overlay-color":"","overlay-opacity":"","overlay-gradient":""},"tablet":{"background-color":"var(--ast-global-color-4)","background-image":"","background-repeat":"repeat","background-position":"center center","background-size":"auto","background-attachment":"scroll","background-type":"","background-media":"","overlay-type":"","overlay-color":"","overlay-opacity":"","overlay-gradient":""},"mobile":{"background-color":"var(--ast-global-color-4)","background-image":"","background-repeat":"repeat","background-position":"center center","background-size":"auto","background-attachment":"scroll","background-type":"","background-media":"","overlay-type":"","overlay-color":"","overlay-opacity":"","overlay-gradient":""}},"footnotes":""},"class_list":["post-3310","page","type-page","status-publish","hentry"],"yoast_head":"<!-- This site is optimized with the Yoast SEO plugin v25.6 - https:\/\/yoast.com\/wordpress\/plugins\/seo\/ -->\n<title>\u00d1awpaq qillqakuna chaymanta ruwanakuna - Tren Local<\/title>\n<meta name=\"robots\" content=\"index, follow, max-snippet:-1, max-image-preview:large, max-video-preview:-1\" \/>\n<link rel=\"canonical\" href=\"https:\/\/www.trenlocal.pe\/qu\/nawpaq-qillqakuna-chaymanta-ruwanakuna\/\" \/>\n<meta property=\"og:locale\" content=\"en_US\" \/>\n<meta property=\"og:type\" content=\"article\" \/>\n<meta property=\"og:title\" content=\"\u00d1awpaq qillqakuna chaymanta ruwanakuna - Tren Local\" \/>\n<meta property=\"og:description\" content=\"\u00d1awpaq qillqakuna chaymanta ruwanakuna El Tren Local est\u00e1 pensado para que puedas movilizarte de manera segura y ordenada en tu [&hellip;]\" \/>\n<meta property=\"og:url\" content=\"https:\/\/www.trenlocal.pe\/qu\/nawpaq-qillqakuna-chaymanta-ruwanakuna\/\" \/>\n<meta property=\"og:site_name\" content=\"Tren Local\" \/>\n<meta property=\"article:modified_time\" content=\"2025-10-27T18:49:25+00:00\" \/>\n<meta name=\"twitter:card\" content=\"summary_large_image\" \/>\n<meta name=\"twitter:label1\" content=\"Est. reading time\" \/>\n\t<meta name=\"twitter:data1\" content=\"1 minute\" \/>\n<script type=\"application\/ld+json\" class=\"yoast-schema-graph\">{\"@context\":\"https:\/\/schema.org\",\"@graph\":[{\"@type\":\"WebPage\",\"@id\":\"https:\/\/www.trenlocal.pe\/qu\/nawpaq-qillqakuna-chaymanta-ruwanakuna\/\",\"url\":\"https:\/\/www.trenlocal.pe\/qu\/nawpaq-qillqakuna-chaymanta-ruwanakuna\/\",\"name\":\"\u00d1awpaq qillqakuna chaymanta ruwanakuna - Tren Local\",\"isPartOf\":{\"@id\":\"https:\/\/www.trenlocal.pe\/qu\/#website\"},\"datePublished\":\"2025-10-27T18:48:31+00:00\",\"dateModified\":\"2025-10-27T18:49:25+00:00\",\"inLanguage\":\"quz-PE\",\"potentialAction\":[{\"@type\":\"ReadAction\",\"target\":[\"https:\/\/www.trenlocal.pe\/qu\/nawpaq-qillqakuna-chaymanta-ruwanakuna\/\"]}]},{\"@type\":\"WebSite\",\"@id\":\"https:\/\/www.trenlocal.pe\/qu\/#website\",\"url\":\"https:\/\/www.trenlocal.pe\/qu\/\",\"name\":\"Tren Local | Transporte Ferroviario para la Comunidad de Cusco y Machupicchu\",\"description\":\"El Tren Local es un servicio de transporte diario para residentes de Machupicchu y ciudadanos de las provincias cusque\u00f1as de Anta, Urubamba y La Convenci\u00f3n; dise\u00f1ado para facilitar su movilidad y desarrollo. Su enfoque es social, brindando una opci\u00f3n accesible y segura.\",\"publisher\":{\"@id\":\"https:\/\/www.trenlocal.pe\/qu\/#organization\"},\"potentialAction\":[{\"@type\":\"SearchAction\",\"target\":{\"@type\":\"EntryPoint\",\"urlTemplate\":\"https:\/\/www.trenlocal.pe\/qu\/?s={search_term_string}\"},\"query-input\":{\"@type\":\"PropertyValueSpecification\",\"valueRequired\":true,\"valueName\":\"search_term_string\"}}],\"inLanguage\":\"quz-PE\"},{\"@type\":\"Organization\",\"@id\":\"https:\/\/www.trenlocal.pe\/qu\/#organization\",\"name\":\"Tren Local | Transporte Ferroviario para la Comunidad de Cusco y Machupicchu\",\"url\":\"https:\/\/www.trenlocal.pe\/qu\/\",\"logo\":{\"@type\":\"ImageObject\",\"inLanguage\":\"quz-PE\",\"@id\":\"https:\/\/www.trenlocal.pe\/qu\/#\/schema\/logo\/image\/\",\"url\":\"https:\/\/www.trenlocal.pe\/wp-content\/uploads\/2025\/10\/Logo-tren-local-verde.webp\",\"contentUrl\":\"https:\/\/www.trenlocal.pe\/wp-content\/uploads\/2025\/10\/Logo-tren-local-verde.webp\",\"width\":922,\"height\":315,\"caption\":\"Tren Local | Transporte Ferroviario para la Comunidad de Cusco y Machupicchu\"},\"image\":{\"@id\":\"https:\/\/www.trenlocal.pe\/qu\/#\/schema\/logo\/image\/\"}}]}<\/script>\n<!-- \/ Yoast SEO plugin. -->","yoast_head_json":{"title":"\u00d1awpaq qillqakuna chaymanta ruwanakuna - Tren Local","robots":{"index":"index","follow":"follow","max-snippet":"max-snippet:-1","max-image-preview":"max-image-preview:large","max-video-preview":"max-video-preview:-1"},"canonical":"https:\/\/www.trenlocal.pe\/qu\/nawpaq-qillqakuna-chaymanta-ruwanakuna\/","og_locale":"en_US","og_type":"article","og_title":"\u00d1awpaq qillqakuna chaymanta ruwanakuna - Tren Local","og_description":"\u00d1awpaq qillqakuna chaymanta ruwanakuna El Tren Local est\u00e1 pensado para que puedas movilizarte de manera segura y ordenada en tu [&hellip;]","og_url":"https:\/\/www.trenlocal.pe\/qu\/nawpaq-qillqakuna-chaymanta-ruwanakuna\/","og_site_name":"Tren Local","article_modified_time":"2025-10-27T18:49:25+00:00","twitter_card":"summary_large_image","twitter_misc":{"Est. reading time":"1 minute"},"schema":{"@context":"https:\/\/schema.org","@graph":[{"@type":"WebPage","@id":"https:\/\/www.trenlocal.pe\/qu\/nawpaq-qillqakuna-chaymanta-ruwanakuna\/","url":"https:\/\/www.trenlocal.pe\/qu\/nawpaq-qillqakuna-chaymanta-ruwanakuna\/","name":"\u00d1awpaq qillqakuna chaymanta ruwanakuna - Tren Local","isPartOf":{"@id":"https:\/\/www.trenlocal.pe\/qu\/#website"},"datePublished":"2025-10-27T18:48:31+00:00","dateModified":"2025-10-27T18:49:25+00:00","inLanguage":"quz-PE","potentialAction":[{"@type":"ReadAction","target":["https:\/\/www.trenlocal.pe\/qu\/nawpaq-qillqakuna-chaymanta-ruwanakuna\/"]}]},{"@type":"WebSite","@id":"https:\/\/www.trenlocal.pe\/qu\/#website","url":"https:\/\/www.trenlocal.pe\/qu\/","name":"Tren Local | Transporte Ferroviario para la Comunidad de Cusco y Machupicchu","description":"El Tren Local es un servicio de transporte diario para residentes de Machupicchu y ciudadanos de las provincias cusque\u00f1as de Anta, Urubamba y La Convenci\u00f3n; dise\u00f1ado para facilitar su movilidad y desarrollo. Su enfoque es social, brindando una opci\u00f3n accesible y segura.","publisher":{"@id":"https:\/\/www.trenlocal.pe\/qu\/#organization"},"potentialAction":[{"@type":"SearchAction","target":{"@type":"EntryPoint","urlTemplate":"https:\/\/www.trenlocal.pe\/qu\/?s={search_term_string}"},"query-input":{"@type":"PropertyValueSpecification","valueRequired":true,"valueName":"search_term_string"}}],"inLanguage":"quz-PE"},{"@type":"Organization","@id":"https:\/\/www.trenlocal.pe\/qu\/#organization","name":"Tren Local | Transporte Ferroviario para la Comunidad de Cusco y Machupicchu","url":"https:\/\/www.trenlocal.pe\/qu\/","logo":{"@type":"ImageObject","inLanguage":"quz-PE","@id":"https:\/\/www.trenlocal.pe\/qu\/#\/schema\/logo\/image\/","url":"https:\/\/www.trenlocal.pe\/wp-content\/uploads\/2025\/10\/Logo-tren-local-verde.webp","contentUrl":"https:\/\/www.trenlocal.pe\/wp-content\/uploads\/2025\/10\/Logo-tren-local-verde.webp","width":922,"height":315,"caption":"Tren Local | Transporte Ferroviario para la Comunidad de Cusco y Machupicchu"},"image":{"@id":"https:\/\/www.trenlocal.pe\/qu\/#\/schema\/logo\/image\/"}}]}},"_links":{"self":[{"href":"https:\/\/www.trenlocal.pe\/qu\/wp-json\/wp\/v2\/pages\/3310","targetHints":{"allow":["GET"]}}],"collection":[{"href":"https:\/\/www.trenlocal.pe\/qu\/wp-json\/wp\/v2\/pages"}],"about":[{"href":"https:\/\/www.trenlocal.pe\/qu\/wp-json\/wp\/v2\/types\/page"}],"author":[{"embeddable":true,"href":"https:\/\/www.trenlocal.pe\/qu\/wp-json\/wp\/v2\/users\/2"}],"replies":[{"embeddable":true,"href":"https:\/\/www.trenlocal.pe\/qu\/wp-json\/wp\/v2\/comments?post=3310"}],"version-history":[{"count":7,"href":"https:\/\/www.trenlocal.pe\/qu\/wp-json\/wp\/v2\/pages\/3310\/revisions"}],"predecessor-version":[{"id":3320,"href":"https:\/\/www.trenlocal.pe\/qu\/wp-json\/wp\/v2\/pages\/3310\/revisions\/3320"}],"wp:attachment":[{"href":"https:\/\/www.trenlocal.pe\/qu\/wp-json\/wp\/v2\/media?parent=3310"}],"curies":[{"name":"wp","href":"https:\/\/api.w.org\/{rel}","templated":true}]}}