{"id":3301,"date":"2025-10-27T13:41:16","date_gmt":"2025-10-27T18:41:16","guid":{"rendered":"https:\/\/www.trenlocal.pe\/?page_id=3301"},"modified":"2025-10-27T13:44:00","modified_gmt":"2025-10-27T18:44:00","slug":"qillqa-qillqana-nakaykunaq","status":"publish","type":"page","link":"https:\/\/www.trenlocal.pe\/qu\/qillqa-qillqana-nakaykunaq\/","title":{"rendered":"Qillqa qillqana \u00f1ak&#8217;aykunaq"},"content":{"rendered":"\t\t<div data-elementor-type=\"wp-page\" data-elementor-id=\"3301\" class=\"elementor elementor-3301\" data-elementor-post-type=\"page\">\n\t\t\t\t<div class=\"elementor-element elementor-element-763781ff e-flex e-con-boxed e-con e-parent\" data-id=\"763781ff\" data-element_type=\"container\" data-settings=\"{&quot;background_background&quot;:&quot;classic&quot;}\">\n\t\t\t\t\t<div class=\"e-con-inner\">\n\t\t\t\t<div class=\"elementor-element elementor-element-4842666e elementor-widget elementor-widget-heading\" data-id=\"4842666e\" data-element_type=\"widget\" data-widget_type=\"heading.default\">\n\t\t\t\t<div class=\"elementor-widget-container\">\n\t\t\t\t\t<h2 class=\"elementor-heading-title elementor-size-default\">Qillqa qillqana \u00f1ak'aykunaq<\/h2>\t\t\t\t<\/div>\n\t\t\t\t<\/div>\n\t\t\t\t\t<\/div>\n\t\t\t\t<\/div>\n\t\t<div class=\"elementor-element elementor-element-2c1db32d e-flex e-con-boxed e-con e-parent\" data-id=\"2c1db32d\" data-element_type=\"container\">\n\t\t\t\t\t<div class=\"e-con-inner\">\n\t\t\t\t<div class=\"elementor-element elementor-element-7c544ece elementor-widget__width-inherit elementor-widget elementor-widget-text-editor\" data-id=\"7c544ece\" data-element_type=\"widget\" data-widget_type=\"text-editor.default\">\n\t\t\t\t<div class=\"elementor-widget-container\">\n\t\t\t\t\t\t\t\t\t<iframe id=\"cnt-reclamos\" class=\"box-iframe\" style=\"margin: 0 auto; width: 100%; max-width: 1050px; height: 1500px; visibility: visible;\" src=\"https:\/\/agencias.perurail.com\/reclamaciones\/admin\/formReclamo?lang=es&amp;v1\" width=\"100%\" height=\"100%\"><\/iframe>\t\t\t\t\t\t\t\t<\/div>\n\t\t\t\t<\/div>\n\t\t\t\t\t<\/div>\n\t\t\t\t<\/div>\n\t\t\t\t<\/div>\n\t\t","protected":false},"excerpt":{"rendered":"<p>Qillqa qillqana \u00f1ak&#8217;aykunaq<\/p>\n","protected":false},"author":2,"featured_media":0,"parent":0,"menu_order":0,"comment_status":"closed","ping_status":"closed","template":"","meta":{"site-sidebar-layout":"no-sidebar","site-content-layout":"","ast-site-content-layout":"full-width-container","site-content-style":"default","site-sidebar-style":"default","ast-global-header-display":"","ast-banner-title-visibility":"","ast-main-header-display":"","ast-hfb-above-header-display":"","ast-hfb-below-header-display":"","ast-hfb-mobile-header-display":"","site-post-title":"disabled","ast-breadcrumbs-content":"","ast-featured-img":"disabled","footer-sml-layout":"","theme-transparent-header-meta":"","adv-header-id-meta":"","stick-header-meta":"","header-above-stick-meta":"","header-main-stick-meta":"","header-below-stick-meta":"","astra-migrate-meta-layouts":"default","ast-page-background-enabled":"default","ast-page-background-meta":{"desktop":{"background-color":"var(--ast-global-color-5)","background-image":"","background-repeat":"repeat","background-position":"center center","background-size":"auto","background-attachment":"scroll","background-type":"","background-media":"","overlay-type":"","overlay-color":"","overlay-opacity":"","overlay-gradient":""},"tablet":{"background-color":"","background-image":"","background-repeat":"repeat","background-position":"center center","background-size":"auto","background-attachment":"scroll","background-type":"","background-media":"","overlay-type":"","overlay-color":"","overlay-opacity":"","overlay-gradient":""},"mobile":{"background-color":"","background-image":"","background-repeat":"repeat","background-position":"center center","background-size":"auto","background-attachment":"scroll","background-type":"","background-media":"","overlay-type":"","overlay-color":"","overlay-opacity":"","overlay-gradient":""}},"ast-content-background-meta":{"desktop":{"background-color":"var(--ast-global-color-4)","background-image":"","background-repeat":"repeat","background-position":"center center","background-size":"auto","background-attachment":"scroll","background-type":"","background-media":"","overlay-type":"","overlay-color":"","overlay-opacity":"","overlay-gradient":""},"tablet":{"background-color":"var(--ast-global-color-4)","background-image":"","background-repeat":"repeat","background-position":"center center","background-size":"auto","background-attachment":"scroll","background-type":"","background-media":"","overlay-type":"","overlay-color":"","overlay-opacity":"","overlay-gradient":""},"mobile":{"background-color":"var(--ast-global-color-4)","background-image":"","background-repeat":"repeat","background-position":"center center","background-size":"auto","background-attachment":"scroll","background-type":"","background-media":"","overlay-type":"","overlay-color":"","overlay-opacity":"","overlay-gradient":""}},"footnotes":""},"class_list":["post-3301","page","type-page","status-publish","hentry"],"yoast_head":"<!-- This site is optimized with the Yoast SEO plugin v25.6 - https:\/\/yoast.com\/wordpress\/plugins\/seo\/ -->\n<title>Qillqa qillqana \u00f1ak&#039;aykunaq - Tren Local<\/title>\n<meta name=\"robots\" content=\"index, follow, max-snippet:-1, max-image-preview:large, max-video-preview:-1\" \/>\n<link rel=\"canonical\" href=\"https:\/\/www.trenlocal.pe\/qu\/qillqa-qillqana-nakaykunaq\/\" \/>\n<meta property=\"og:locale\" content=\"en_US\" \/>\n<meta property=\"og:type\" content=\"article\" \/>\n<meta property=\"og:title\" content=\"Qillqa qillqana \u00f1ak&#039;aykunaq - Tren Local\" \/>\n<meta property=\"og:description\" content=\"Qillqa qillqana \u00f1ak&#8217;aykunaq\" \/>\n<meta property=\"og:url\" content=\"https:\/\/www.trenlocal.pe\/qu\/qillqa-qillqana-nakaykunaq\/\" \/>\n<meta property=\"og:site_name\" content=\"Tren Local\" \/>\n<meta property=\"article:modified_time\" content=\"2025-10-27T18:44:00+00:00\" \/>\n<meta name=\"twitter:card\" content=\"summary_large_image\" \/>\n<meta name=\"twitter:label1\" content=\"Est. reading time\" \/>\n\t<meta name=\"twitter:data1\" content=\"1 minute\" \/>\n<script type=\"application\/ld+json\" class=\"yoast-schema-graph\">{\"@context\":\"https:\/\/schema.org\",\"@graph\":[{\"@type\":\"WebPage\",\"@id\":\"https:\/\/www.trenlocal.pe\/qu\/qillqa-qillqana-nakaykunaq\/\",\"url\":\"https:\/\/www.trenlocal.pe\/qu\/qillqa-qillqana-nakaykunaq\/\",\"name\":\"Qillqa qillqana \u00f1ak'aykunaq - Tren Local\",\"isPartOf\":{\"@id\":\"https:\/\/www.trenlocal.pe\/qu\/#website\"},\"datePublished\":\"2025-10-27T18:41:16+00:00\",\"dateModified\":\"2025-10-27T18:44:00+00:00\",\"inLanguage\":\"quz-PE\",\"potentialAction\":[{\"@type\":\"ReadAction\",\"target\":[\"https:\/\/www.trenlocal.pe\/qu\/qillqa-qillqana-nakaykunaq\/\"]}]},{\"@type\":\"WebSite\",\"@id\":\"https:\/\/www.trenlocal.pe\/qu\/#website\",\"url\":\"https:\/\/www.trenlocal.pe\/qu\/\",\"name\":\"Tren Local | Transporte Ferroviario para la Comunidad de Cusco y Machupicchu\",\"description\":\"El Tren Local es un servicio de transporte diario para residentes de Machupicchu y ciudadanos de las provincias cusque\u00f1as de Anta, Urubamba y La Convenci\u00f3n; dise\u00f1ado para facilitar su movilidad y desarrollo. Su enfoque es social, brindando una opci\u00f3n accesible y segura.\",\"publisher\":{\"@id\":\"https:\/\/www.trenlocal.pe\/qu\/#organization\"},\"potentialAction\":[{\"@type\":\"SearchAction\",\"target\":{\"@type\":\"EntryPoint\",\"urlTemplate\":\"https:\/\/www.trenlocal.pe\/qu\/?s={search_term_string}\"},\"query-input\":{\"@type\":\"PropertyValueSpecification\",\"valueRequired\":true,\"valueName\":\"search_term_string\"}}],\"inLanguage\":\"quz-PE\"},{\"@type\":\"Organization\",\"@id\":\"https:\/\/www.trenlocal.pe\/qu\/#organization\",\"name\":\"Tren Local | Transporte Ferroviario para la Comunidad de Cusco y Machupicchu\",\"url\":\"https:\/\/www.trenlocal.pe\/qu\/\",\"logo\":{\"@type\":\"ImageObject\",\"inLanguage\":\"quz-PE\",\"@id\":\"https:\/\/www.trenlocal.pe\/qu\/#\/schema\/logo\/image\/\",\"url\":\"https:\/\/www.trenlocal.pe\/wp-content\/uploads\/2025\/10\/Logo-tren-local-verde.webp\",\"contentUrl\":\"https:\/\/www.trenlocal.pe\/wp-content\/uploads\/2025\/10\/Logo-tren-local-verde.webp\",\"width\":922,\"height\":315,\"caption\":\"Tren Local | Transporte Ferroviario para la Comunidad de Cusco y Machupicchu\"},\"image\":{\"@id\":\"https:\/\/www.trenlocal.pe\/qu\/#\/schema\/logo\/image\/\"}}]}<\/script>\n<!-- \/ Yoast SEO plugin. -->","yoast_head_json":{"title":"Qillqa qillqana \u00f1ak'aykunaq - Tren Local","robots":{"index":"index","follow":"follow","max-snippet":"max-snippet:-1","max-image-preview":"max-image-preview:large","max-video-preview":"max-video-preview:-1"},"canonical":"https:\/\/www.trenlocal.pe\/qu\/qillqa-qillqana-nakaykunaq\/","og_locale":"en_US","og_type":"article","og_title":"Qillqa qillqana \u00f1ak'aykunaq - Tren Local","og_description":"Qillqa qillqana \u00f1ak&#8217;aykunaq","og_url":"https:\/\/www.trenlocal.pe\/qu\/qillqa-qillqana-nakaykunaq\/","og_site_name":"Tren Local","article_modified_time":"2025-10-27T18:44:00+00:00","twitter_card":"summary_large_image","twitter_misc":{"Est. reading time":"1 minute"},"schema":{"@context":"https:\/\/schema.org","@graph":[{"@type":"WebPage","@id":"https:\/\/www.trenlocal.pe\/qu\/qillqa-qillqana-nakaykunaq\/","url":"https:\/\/www.trenlocal.pe\/qu\/qillqa-qillqana-nakaykunaq\/","name":"Qillqa qillqana \u00f1ak'aykunaq - Tren Local","isPartOf":{"@id":"https:\/\/www.trenlocal.pe\/qu\/#website"},"datePublished":"2025-10-27T18:41:16+00:00","dateModified":"2025-10-27T18:44:00+00:00","inLanguage":"quz-PE","potentialAction":[{"@type":"ReadAction","target":["https:\/\/www.trenlocal.pe\/qu\/qillqa-qillqana-nakaykunaq\/"]}]},{"@type":"WebSite","@id":"https:\/\/www.trenlocal.pe\/qu\/#website","url":"https:\/\/www.trenlocal.pe\/qu\/","name":"Tren Local | Transporte Ferroviario para la Comunidad de Cusco y Machupicchu","description":"El Tren Local es un servicio de transporte diario para residentes de Machupicchu y ciudadanos de las provincias cusque\u00f1as de Anta, Urubamba y La Convenci\u00f3n; dise\u00f1ado para facilitar su movilidad y desarrollo. Su enfoque es social, brindando una opci\u00f3n accesible y segura.","publisher":{"@id":"https:\/\/www.trenlocal.pe\/qu\/#organization"},"potentialAction":[{"@type":"SearchAction","target":{"@type":"EntryPoint","urlTemplate":"https:\/\/www.trenlocal.pe\/qu\/?s={search_term_string}"},"query-input":{"@type":"PropertyValueSpecification","valueRequired":true,"valueName":"search_term_string"}}],"inLanguage":"quz-PE"},{"@type":"Organization","@id":"https:\/\/www.trenlocal.pe\/qu\/#organization","name":"Tren Local | Transporte Ferroviario para la Comunidad de Cusco y Machupicchu","url":"https:\/\/www.trenlocal.pe\/qu\/","logo":{"@type":"ImageObject","inLanguage":"quz-PE","@id":"https:\/\/www.trenlocal.pe\/qu\/#\/schema\/logo\/image\/","url":"https:\/\/www.trenlocal.pe\/wp-content\/uploads\/2025\/10\/Logo-tren-local-verde.webp","contentUrl":"https:\/\/www.trenlocal.pe\/wp-content\/uploads\/2025\/10\/Logo-tren-local-verde.webp","width":922,"height":315,"caption":"Tren Local | Transporte Ferroviario para la Comunidad de Cusco y Machupicchu"},"image":{"@id":"https:\/\/www.trenlocal.pe\/qu\/#\/schema\/logo\/image\/"}}]}},"_links":{"self":[{"href":"https:\/\/www.trenlocal.pe\/qu\/wp-json\/wp\/v2\/pages\/3301","targetHints":{"allow":["GET"]}}],"collection":[{"href":"https:\/\/www.trenlocal.pe\/qu\/wp-json\/wp\/v2\/pages"}],"about":[{"href":"https:\/\/www.trenlocal.pe\/qu\/wp-json\/wp\/v2\/types\/page"}],"author":[{"embeddable":true,"href":"https:\/\/www.trenlocal.pe\/qu\/wp-json\/wp\/v2\/users\/2"}],"replies":[{"embeddable":true,"href":"https:\/\/www.trenlocal.pe\/qu\/wp-json\/wp\/v2\/comments?post=3301"}],"version-history":[{"count":7,"href":"https:\/\/www.trenlocal.pe\/qu\/wp-json\/wp\/v2\/pages\/3301\/revisions"}],"predecessor-version":[{"id":3309,"href":"https:\/\/www.trenlocal.pe\/qu\/wp-json\/wp\/v2\/pages\/3301\/revisions\/3309"}],"wp:attachment":[{"href":"https:\/\/www.trenlocal.pe\/qu\/wp-json\/wp\/v2\/media?parent=3301"}],"curies":[{"name":"wp","href":"https:\/\/api.w.org\/{rel}","templated":true}]}}