{"id":3290,"date":"2025-10-27T13:21:04","date_gmt":"2025-10-27T18:21:04","guid":{"rendered":"https:\/\/www.trenlocal.pe\/?page_id=3290"},"modified":"2025-10-27T17:14:21","modified_gmt":"2025-10-27T22:14:21","slug":"rimanayku","status":"publish","type":"page","link":"https:\/\/www.trenlocal.pe\/qu\/rimanayku\/","title":{"rendered":"Rimanayku"},"content":{"rendered":"\t\t<div data-elementor-type=\"wp-page\" data-elementor-id=\"3290\" class=\"elementor elementor-3290\" data-elementor-post-type=\"page\">\n\t\t\t\t<div class=\"elementor-element elementor-element-6ffc9d2c e-flex e-con-boxed e-con e-parent\" data-id=\"6ffc9d2c\" data-element_type=\"container\" data-settings=\"{&quot;background_background&quot;:&quot;classic&quot;}\">\n\t\t\t\t\t<div class=\"e-con-inner\">\n\t\t\t\t<div class=\"elementor-element elementor-element-75ca3edc elementor-widget elementor-widget-heading\" data-id=\"75ca3edc\" data-element_type=\"widget\" data-widget_type=\"heading.default\">\n\t\t\t\t<div class=\"elementor-widget-container\">\n\t\t\t\t\t<h2 class=\"elementor-heading-title elementor-size-default\">Rimanayku<\/h2>\t\t\t\t<\/div>\n\t\t\t\t<\/div>\n\t\t\t\t\t<\/div>\n\t\t\t\t<\/div>\n\t\t<div class=\"elementor-element elementor-element-5537517a e-flex e-con-boxed e-con e-parent\" data-id=\"5537517a\" data-element_type=\"container\">\n\t\t\t\t\t<div class=\"e-con-inner\">\n\t\t\t\t<div class=\"elementor-element elementor-element-7bc2cebe elementor-widget__width-inherit elementor-widget elementor-widget-text-editor\" data-id=\"7bc2cebe\" data-element_type=\"widget\" data-widget_type=\"text-editor.default\">\n\t\t\t\t<div class=\"elementor-widget-container\">\n\t\t\t\t\t\t\t\t\tLlenaykayku kay formulario qhipapi kachkan, chaymanta kusisqawanmi rimarqayku. Mana chayta munaspa, kay correo electr\u00f3nico wanmi qillqayta atinki:\t\t\t\t\t\t\t\t<\/div>\n\t\t\t\t<\/div>\n\t\t<div class=\"elementor-element elementor-element-7794520c e-con-full e-flex e-con e-child\" data-id=\"7794520c\" data-element_type=\"container\">\n\t\t\t\t<div class=\"elementor-element elementor-element-3a85f967 elementor-widget__width-inherit elementor-widget elementor-widget-text-editor\" data-id=\"3a85f967\" data-element_type=\"widget\" data-widget_type=\"text-editor.default\">\n\t\t\t\t<div class=\"elementor-widget-container\">\n\t\t\t\t\t\t\t\t\t<p><strong>Devoluci\u00f3nkuna:\u200b<\/strong><br \/><strong><a href=\"mailto:devolucionestrenlocal@perurail.com\" target=\"_blank\" rel=\"noopener\">devolucionestrenlocal@perurail.com<\/a><\/strong><\/p>\t\t\t\t\t\t\t\t<\/div>\n\t\t\t\t<\/div>\n\t\t\t\t<div class=\"elementor-element elementor-element-7700fc52 elementor-widget__width-inherit elementor-widget elementor-widget-text-editor\" data-id=\"7700fc52\" data-element_type=\"widget\" data-widget_type=\"text-editor.default\">\n\t\t\t\t<div class=\"elementor-widget-container\">\n\t\t\t\t\t\t\t\t\t<p><strong>Pasajerokunapaq yanapaynine:<\/strong><\/p><p><strong><a href=\"mailto:trenlocal@perurail.com\" target=\"_blank\" rel=\"noopener\">trenlocal@perurail.com<\/a><\/strong><\/p>\t\t\t\t\t\t\t\t<\/div>\n\t\t\t\t<\/div>\n\t\t\t\t<\/div>\n\t\t\t\t\t<\/div>\n\t\t\t\t<\/div>\n\t\t<div class=\"elementor-element elementor-element-d3c3db5 e-flex e-con-boxed e-con e-parent\" data-id=\"d3c3db5\" data-element_type=\"container\">\n\t\t\t\t\t<div class=\"e-con-inner\">\n\t\t\t\t<div class=\"elementor-element elementor-element-78a01d8f elementor-widget elementor-widget-html\" data-id=\"78a01d8f\" data-element_type=\"widget\" data-widget_type=\"html.default\">\n\t\t\t\t<div class=\"elementor-widget-container\">\n\t\t\t\t\t<iframe aria-label='Cont\u00e1ctanos' frameborder=\"0\" style=\"height:1030px;width:99%;border:none;\" src='https:\/\/forms.zohopublic.com\/perurail\/form\/ContctanosContactus\/formperma\/Lz5IlPApQSXrJIG-G7WcI4e6vLkexF2QUv1TMZKVy8w'><\/iframe>\t\t\t\t<\/div>\n\t\t\t\t<\/div>\n\t\t\t\t\t<\/div>\n\t\t\t\t<\/div>\n\t\t\t\t<\/div>\n\t\t","protected":false},"excerpt":{"rendered":"<p>Rimanayku Llenaykayku kay formulario qhipapi kachkan, chaymanta kusisqawanmi rimarqayku. Mana chayta munaspa, kay correo electr\u00f3nico wanmi qillqayta atinki: Devoluci\u00f3nkuna:\u200bdevolucionestrenlocal@perurail.com Pasajerokunapaq [&hellip;]<\/p>\n","protected":false},"author":2,"featured_media":0,"parent":0,"menu_order":0,"comment_status":"closed","ping_status":"closed","template":"","meta":{"site-sidebar-layout":"no-sidebar","site-content-layout":"","ast-site-content-layout":"full-width-container","site-content-style":"default","site-sidebar-style":"default","ast-global-header-display":"","ast-banner-title-visibility":"","ast-main-header-display":"","ast-hfb-above-header-display":"","ast-hfb-below-header-display":"","ast-hfb-mobile-header-display":"","site-post-title":"disabled","ast-breadcrumbs-content":"","ast-featured-img":"disabled","footer-sml-layout":"","theme-transparent-header-meta":"","adv-header-id-meta":"","stick-header-meta":"","header-above-stick-meta":"","header-main-stick-meta":"","header-below-stick-meta":"","astra-migrate-meta-layouts":"default","ast-page-background-enabled":"default","ast-page-background-meta":{"desktop":{"background-color":"var(--ast-global-color-5)","background-image":"","background-repeat":"repeat","background-position":"center center","background-size":"auto","background-attachment":"scroll","background-type":"","background-media":"","overlay-type":"","overlay-color":"","overlay-opacity":"","overlay-gradient":""},"tablet":{"background-color":"","background-image":"","background-repeat":"repeat","background-position":"center center","background-size":"auto","background-attachment":"scroll","background-type":"","background-media":"","overlay-type":"","overlay-color":"","overlay-opacity":"","overlay-gradient":""},"mobile":{"background-color":"","background-image":"","background-repeat":"repeat","background-position":"center center","background-size":"auto","background-attachment":"scroll","background-type":"","background-media":"","overlay-type":"","overlay-color":"","overlay-opacity":"","overlay-gradient":""}},"ast-content-background-meta":{"desktop":{"background-color":"var(--ast-global-color-4)","background-image":"","background-repeat":"repeat","background-position":"center center","background-size":"auto","background-attachment":"scroll","background-type":"","background-media":"","overlay-type":"","overlay-color":"","overlay-opacity":"","overlay-gradient":""},"tablet":{"background-color":"var(--ast-global-color-4)","background-image":"","background-repeat":"repeat","background-position":"center center","background-size":"auto","background-attachment":"scroll","background-type":"","background-media":"","overlay-type":"","overlay-color":"","overlay-opacity":"","overlay-gradient":""},"mobile":{"background-color":"var(--ast-global-color-4)","background-image":"","background-repeat":"repeat","background-position":"center center","background-size":"auto","background-attachment":"scroll","background-type":"","background-media":"","overlay-type":"","overlay-color":"","overlay-opacity":"","overlay-gradient":""}},"footnotes":""},"class_list":["post-3290","page","type-page","status-publish","hentry"],"yoast_head":"<!-- This site is optimized with the Yoast SEO plugin v25.6 - https:\/\/yoast.com\/wordpress\/plugins\/seo\/ -->\n<title>Rimanayku \u2013 PeruRailpa Tren Localpi yanapaynin<\/title>\n<meta name=\"description\" content=\"Formulario llenay, correo electr\u00f3nicowan qillqay. PeruRailpa equipoqa yanapachunki boletokuna, servicio, devoluci\u00f3nta tapuyta munaspa.\" \/>\n<meta name=\"robots\" content=\"index, follow, max-snippet:-1, max-image-preview:large, max-video-preview:-1\" \/>\n<link rel=\"canonical\" href=\"https:\/\/www.trenlocal.pe\/qu\/rimanayku\/\" \/>\n<meta property=\"og:locale\" content=\"en_US\" \/>\n<meta property=\"og:type\" content=\"article\" \/>\n<meta property=\"og:title\" content=\"Rimanayku \u2013 PeruRailpa Tren Localpi yanapaynin\" \/>\n<meta property=\"og:description\" content=\"Formulario llenay, correo electr\u00f3nicowan qillqay. PeruRailpa equipoqa yanapachunki boletokuna, servicio, devoluci\u00f3nta tapuyta munaspa.\" \/>\n<meta property=\"og:url\" content=\"https:\/\/www.trenlocal.pe\/qu\/rimanayku\/\" \/>\n<meta property=\"og:site_name\" content=\"Tren Local\" \/>\n<meta property=\"article:modified_time\" content=\"2025-10-27T22:14:21+00:00\" \/>\n<meta property=\"og:image\" content=\"https:\/\/www.trenlocal.pe\/wp-content\/uploads\/2025\/07\/conocenos-tren-local-desktop-e1754005839459.webp\" \/>\n\t<meta property=\"og:image:width\" content=\"1200\" \/>\n\t<meta property=\"og:image:height\" content=\"316\" \/>\n\t<meta property=\"og:image:type\" content=\"image\/webp\" \/>\n<meta name=\"twitter:card\" content=\"summary_large_image\" \/>\n<meta name=\"twitter:label1\" content=\"Est. reading time\" \/>\n\t<meta name=\"twitter:data1\" content=\"1 minute\" \/>\n<script type=\"application\/ld+json\" class=\"yoast-schema-graph\">{\"@context\":\"https:\/\/schema.org\",\"@graph\":[{\"@type\":\"WebPage\",\"@id\":\"https:\/\/www.trenlocal.pe\/qu\/rimanayku\/\",\"url\":\"https:\/\/www.trenlocal.pe\/qu\/rimanayku\/\",\"name\":\"Rimanayku \u2013 PeruRailpa Tren Localpi yanapaynin\",\"isPartOf\":{\"@id\":\"https:\/\/www.trenlocal.pe\/qu\/#website\"},\"datePublished\":\"2025-10-27T18:21:04+00:00\",\"dateModified\":\"2025-10-27T22:14:21+00:00\",\"description\":\"Formulario llenay, correo electr\u00f3nicowan qillqay. PeruRailpa equipoqa yanapachunki boletokuna, servicio, devoluci\u00f3nta tapuyta munaspa.\",\"inLanguage\":\"quz-PE\",\"potentialAction\":[{\"@type\":\"ReadAction\",\"target\":[\"https:\/\/www.trenlocal.pe\/qu\/rimanayku\/\"]}]},{\"@type\":\"WebSite\",\"@id\":\"https:\/\/www.trenlocal.pe\/qu\/#website\",\"url\":\"https:\/\/www.trenlocal.pe\/qu\/\",\"name\":\"Tren Local | Transporte Ferroviario para la Comunidad de Cusco y Machupicchu\",\"description\":\"El Tren Local es un servicio de transporte diario para residentes de Machupicchu y ciudadanos de las provincias cusque\u00f1as de Anta, Urubamba y La Convenci\u00f3n; dise\u00f1ado para facilitar su movilidad y desarrollo. Su enfoque es social, brindando una opci\u00f3n accesible y segura.\",\"publisher\":{\"@id\":\"https:\/\/www.trenlocal.pe\/qu\/#organization\"},\"potentialAction\":[{\"@type\":\"SearchAction\",\"target\":{\"@type\":\"EntryPoint\",\"urlTemplate\":\"https:\/\/www.trenlocal.pe\/qu\/?s={search_term_string}\"},\"query-input\":{\"@type\":\"PropertyValueSpecification\",\"valueRequired\":true,\"valueName\":\"search_term_string\"}}],\"inLanguage\":\"quz-PE\"},{\"@type\":\"Organization\",\"@id\":\"https:\/\/www.trenlocal.pe\/qu\/#organization\",\"name\":\"Tren Local | Transporte Ferroviario para la Comunidad de Cusco y Machupicchu\",\"url\":\"https:\/\/www.trenlocal.pe\/qu\/\",\"logo\":{\"@type\":\"ImageObject\",\"inLanguage\":\"quz-PE\",\"@id\":\"https:\/\/www.trenlocal.pe\/qu\/#\/schema\/logo\/image\/\",\"url\":\"https:\/\/www.trenlocal.pe\/wp-content\/uploads\/2025\/10\/Logo-tren-local-verde.webp\",\"contentUrl\":\"https:\/\/www.trenlocal.pe\/wp-content\/uploads\/2025\/10\/Logo-tren-local-verde.webp\",\"width\":922,\"height\":315,\"caption\":\"Tren Local | Transporte Ferroviario para la Comunidad de Cusco y Machupicchu\"},\"image\":{\"@id\":\"https:\/\/www.trenlocal.pe\/qu\/#\/schema\/logo\/image\/\"}}]}<\/script>\n<!-- \/ Yoast SEO plugin. -->","yoast_head_json":{"title":"Rimanayku \u2013 PeruRailpa Tren Localpi yanapaynin","description":"Formulario llenay, correo electr\u00f3nicowan qillqay. PeruRailpa equipoqa yanapachunki boletokuna, servicio, devoluci\u00f3nta tapuyta munaspa.","robots":{"index":"index","follow":"follow","max-snippet":"max-snippet:-1","max-image-preview":"max-image-preview:large","max-video-preview":"max-video-preview:-1"},"canonical":"https:\/\/www.trenlocal.pe\/qu\/rimanayku\/","og_locale":"en_US","og_type":"article","og_title":"Rimanayku \u2013 PeruRailpa Tren Localpi yanapaynin","og_description":"Formulario llenay, correo electr\u00f3nicowan qillqay. PeruRailpa equipoqa yanapachunki boletokuna, servicio, devoluci\u00f3nta tapuyta munaspa.","og_url":"https:\/\/www.trenlocal.pe\/qu\/rimanayku\/","og_site_name":"Tren Local","article_modified_time":"2025-10-27T22:14:21+00:00","og_image":[{"width":1200,"height":316,"url":"https:\/\/www.trenlocal.pe\/wp-content\/uploads\/2025\/07\/conocenos-tren-local-desktop-e1754005839459.webp","type":"image\/webp"}],"twitter_card":"summary_large_image","twitter_misc":{"Est. reading time":"1 minute"},"schema":{"@context":"https:\/\/schema.org","@graph":[{"@type":"WebPage","@id":"https:\/\/www.trenlocal.pe\/qu\/rimanayku\/","url":"https:\/\/www.trenlocal.pe\/qu\/rimanayku\/","name":"Rimanayku \u2013 PeruRailpa Tren Localpi yanapaynin","isPartOf":{"@id":"https:\/\/www.trenlocal.pe\/qu\/#website"},"datePublished":"2025-10-27T18:21:04+00:00","dateModified":"2025-10-27T22:14:21+00:00","description":"Formulario llenay, correo electr\u00f3nicowan qillqay. PeruRailpa equipoqa yanapachunki boletokuna, servicio, devoluci\u00f3nta tapuyta munaspa.","inLanguage":"quz-PE","potentialAction":[{"@type":"ReadAction","target":["https:\/\/www.trenlocal.pe\/qu\/rimanayku\/"]}]},{"@type":"WebSite","@id":"https:\/\/www.trenlocal.pe\/qu\/#website","url":"https:\/\/www.trenlocal.pe\/qu\/","name":"Tren Local | Transporte Ferroviario para la Comunidad de Cusco y Machupicchu","description":"El Tren Local es un servicio de transporte diario para residentes de Machupicchu y ciudadanos de las provincias cusque\u00f1as de Anta, Urubamba y La Convenci\u00f3n; dise\u00f1ado para facilitar su movilidad y desarrollo. Su enfoque es social, brindando una opci\u00f3n accesible y segura.","publisher":{"@id":"https:\/\/www.trenlocal.pe\/qu\/#organization"},"potentialAction":[{"@type":"SearchAction","target":{"@type":"EntryPoint","urlTemplate":"https:\/\/www.trenlocal.pe\/qu\/?s={search_term_string}"},"query-input":{"@type":"PropertyValueSpecification","valueRequired":true,"valueName":"search_term_string"}}],"inLanguage":"quz-PE"},{"@type":"Organization","@id":"https:\/\/www.trenlocal.pe\/qu\/#organization","name":"Tren Local | Transporte Ferroviario para la Comunidad de Cusco y Machupicchu","url":"https:\/\/www.trenlocal.pe\/qu\/","logo":{"@type":"ImageObject","inLanguage":"quz-PE","@id":"https:\/\/www.trenlocal.pe\/qu\/#\/schema\/logo\/image\/","url":"https:\/\/www.trenlocal.pe\/wp-content\/uploads\/2025\/10\/Logo-tren-local-verde.webp","contentUrl":"https:\/\/www.trenlocal.pe\/wp-content\/uploads\/2025\/10\/Logo-tren-local-verde.webp","width":922,"height":315,"caption":"Tren Local | Transporte Ferroviario para la Comunidad de Cusco y Machupicchu"},"image":{"@id":"https:\/\/www.trenlocal.pe\/qu\/#\/schema\/logo\/image\/"}}]}},"_links":{"self":[{"href":"https:\/\/www.trenlocal.pe\/qu\/wp-json\/wp\/v2\/pages\/3290","targetHints":{"allow":["GET"]}}],"collection":[{"href":"https:\/\/www.trenlocal.pe\/qu\/wp-json\/wp\/v2\/pages"}],"about":[{"href":"https:\/\/www.trenlocal.pe\/qu\/wp-json\/wp\/v2\/types\/page"}],"author":[{"embeddable":true,"href":"https:\/\/www.trenlocal.pe\/qu\/wp-json\/wp\/v2\/users\/2"}],"replies":[{"embeddable":true,"href":"https:\/\/www.trenlocal.pe\/qu\/wp-json\/wp\/v2\/comments?post=3290"}],"version-history":[{"count":10,"href":"https:\/\/www.trenlocal.pe\/qu\/wp-json\/wp\/v2\/pages\/3290\/revisions"}],"predecessor-version":[{"id":3388,"href":"https:\/\/www.trenlocal.pe\/qu\/wp-json\/wp\/v2\/pages\/3290\/revisions\/3388"}],"wp:attachment":[{"href":"https:\/\/www.trenlocal.pe\/qu\/wp-json\/wp\/v2\/media?parent=3290"}],"curies":[{"name":"wp","href":"https:\/\/api.w.org\/{rel}","templated":true}]}}