{"id":3124,"date":"2025-10-22T10:54:33","date_gmt":"2025-10-22T15:54:33","guid":{"rendered":"https:\/\/www.trenlocal.pe\/?page_id=3124"},"modified":"2025-10-27T16:30:38","modified_gmt":"2025-10-27T21:30:38","slug":"chaninchaykuna","status":"publish","type":"page","link":"https:\/\/www.trenlocal.pe\/qu\/chaninchaykuna\/","title":{"rendered":"Chaninchaykuna"},"content":{"rendered":"\t\t<div data-elementor-type=\"wp-page\" data-elementor-id=\"3124\" class=\"elementor elementor-3124\" data-elementor-post-type=\"page\">\n\t\t\t\t<div class=\"elementor-element elementor-element-6db67f2c e-flex e-con-boxed e-con e-parent\" data-id=\"6db67f2c\" data-element_type=\"container\" data-settings=\"{&quot;background_background&quot;:&quot;classic&quot;}\">\n\t\t\t\t\t<div class=\"e-con-inner\">\n\t\t\t\t<div class=\"elementor-element elementor-element-67ebd110 elementor-widget elementor-widget-heading\" data-id=\"67ebd110\" data-element_type=\"widget\" data-widget_type=\"heading.default\">\n\t\t\t\t<div class=\"elementor-widget-container\">\n\t\t\t\t\t<h2 class=\"elementor-heading-title elementor-size-default\">Chaninchaykuna<\/h2>\t\t\t\t<\/div>\n\t\t\t\t<\/div>\n\t\t\t\t\t<\/div>\n\t\t\t\t<\/div>\n\t\t<div class=\"elementor-element elementor-element-7c1d51ce e-flex e-con-boxed e-con e-parent\" data-id=\"7c1d51ce\" data-element_type=\"container\">\n\t\t\t\t\t<div class=\"e-con-inner\">\n\t\t\t\t<div class=\"elementor-element elementor-element-369807a4 elementor-widget elementor-widget-text-editor\" data-id=\"369807a4\" data-element_type=\"widget\" data-widget_type=\"text-editor.default\">\n\t\t\t\t<div class=\"elementor-widget-container\">\n\t\t\t\t\t\t\t\t\t<p><strong>Tren Local<\/strong> nisqaqa chaninchaykunata ruwachkan Machupicchupi kawsaykuq runakunapaq, Anta, Urubamba, La Convenci\u00f3n suyukunayuqkunaq. Munanchikmi allin puriyta ruwanki, seguridadwan, chaninchay allinwan. Chaninchaykunaqa puriykunaq \u00f1anwan, tipo nisqawanqa tukuyta ruwachkan. Boletota rantinaykipi, chaninchaykuna chaykunata qhawariy, puriyta allin ruwachinaykipaq.<\/p>\t\t\t\t\t\t\t\t<\/div>\n\t\t\t\t<\/div>\n\t\t\t\t\t<\/div>\n\t\t\t\t<\/div>\n\t\t<div class=\"elementor-element elementor-element-124fe6e5 e-flex e-con-boxed e-con e-parent\" data-id=\"124fe6e5\" data-element_type=\"container\" data-settings=\"{&quot;background_background&quot;:&quot;classic&quot;}\">\n\t\t\t\t\t<div class=\"e-con-inner\">\n\t\t\t\t<div class=\"elementor-element elementor-element-20889f3b e-n-tabs-mobile elementor-widget elementor-widget-n-tabs\" data-id=\"20889f3b\" data-element_type=\"widget\" data-settings=\"{&quot;tabs_justify_horizontal&quot;:&quot;stretch&quot;,&quot;tabs_justify_horizontal_tablet&quot;:&quot;stretch&quot;,&quot;horizontal_scroll&quot;:&quot;disable&quot;}\" data-widget_type=\"nested-tabs.default\">\n\t\t\t\t<div class=\"elementor-widget-container\">\n\t\t\t\t\t\t\t<div class=\"e-n-tabs\" data-widget-number=\"545824571\" aria-label=\"Tabs. Open items with Enter or Space, close with Escape and navigate using the Arrow keys.\">\n\t\t\t<div class=\"e-n-tabs-heading\" role=\"tablist\">\n\t\t\t\t\t<button id=\"e-n-tab-title-5458245711\" class=\"e-n-tab-title\" aria-selected=\"true\" data-tab-index=\"1\" role=\"tab\" tabindex=\"0\" aria-controls=\"e-n-tab-content-5458245711\" style=\"--n-tabs-title-order: 1;\">\n\t\t\t\t\t\t<span class=\"e-n-tab-title-text\">\n\t\t\t\tChaninchay llaqtayuq <br>puririsqakunapaq \t\t\t<\/span>\n\t\t<\/button>\n\t\t\t\t<button id=\"e-n-tab-title-5458245712\" class=\"e-n-tab-title\" aria-selected=\"false\" data-tab-index=\"2\" role=\"tab\" tabindex=\"-1\" aria-controls=\"e-n-tab-content-5458245712\" style=\"--n-tabs-title-order: 2;\">\n\t\t\t\t\t\t<span class=\"e-n-tab-title-text\">\n\t\t\t\tChaninchay suyuyuq, <br>nacional puririsqakunapaq \t\t\t<\/span>\n\t\t<\/button>\n\t\t\t\t\t<\/div>\n\t\t\t<div class=\"e-n-tabs-content\">\n\t\t\t\t<div id=\"e-n-tab-content-5458245711\" role=\"tabpanel\" aria-labelledby=\"e-n-tab-title-5458245711\" data-tab-index=\"1\" style=\"--n-tabs-title-order: 1;\" class=\"e-active elementor-element elementor-element-273de294 e-con-full e-flex e-con e-child\" data-id=\"273de294\" data-element_type=\"container\">\n\t\t\t\t<div class=\"elementor-element elementor-element-441c8375 elementor-widget elementor-widget-text-editor\" data-id=\"441c8375\" data-element_type=\"widget\" data-widget_type=\"text-editor.default\">\n\t\t\t\t<div class=\"elementor-widget-container\">\n\t\t\t\t\t\t\t\t\t<p><strong>Llaqtayuq puririsqa:<\/strong> Machupicchu Pueblopi kawsayki, utaq chay llaqtakunapi, kay servicioqa chaninchaykuna especialwanmi kachkan. Kay llaqtakunam chaypi kachkan:<\/p><ul><li><strong>Machupicchu Pueblo distritupi runakuna:<\/strong> Urubamba, Ollantaytambo, Chinchero, Huayllabamba, Maras, Yucay, Santa Teresa, Anta, Cachimayo, Huarocondo, Poroy, Pucyura, La Convenci\u00f3n llaqtakunamanta<\/li><li><strong>Urin llaqtakunamanta:<\/strong> Intihuatana, Huilcar, Mesada, Collpani.<\/li><li><strong>Hanan llaqtakunamanta:<\/strong> Qorihuayrachina, Huayllabamba, Q\u2019esqa, Hatunchaca<\/li><\/ul>\t\t\t\t\t\t\t\t<\/div>\n\t\t\t\t<\/div>\n\t\t\t\t<div class=\"elementor-element elementor-element-665dc6a0 elementor-widget elementor-widget-button\" data-id=\"665dc6a0\" data-element_type=\"widget\" data-widget_type=\"button.default\">\n\t\t\t\t<div class=\"elementor-widget-container\">\n\t\t\t\t\t\t\t\t\t<div class=\"elementor-button-wrapper\">\n\t\t\t\t\t<a class=\"elementor-button elementor-button-link elementor-size-sm\" href=\"https:\/\/www.trenlocal.pe\/wp-content\/uploads\/2025\/02\/Tren-Local-Tarifa-pobladores-y-residentes.pdf\" target=\"_blank\">\n\t\t\t\t\t\t<span class=\"elementor-button-content-wrapper\">\n\t\t\t\t\t\t\t\t\t<span class=\"elementor-button-text\">Chaninchay llaqtayuqkunaq hurquy<\/span>\n\t\t\t\t\t<\/span>\n\t\t\t\t\t<\/a>\n\t\t\t\t<\/div>\n\t\t\t\t\t\t\t\t<\/div>\n\t\t\t\t<\/div>\n\t\t\t\t<div class=\"elementor-element elementor-element-257e14cd elementor-widget__width-initial elementor-widget-tablet__width-inherit elementor-widget elementor-widget-html\" data-id=\"257e14cd\" data-element_type=\"widget\" data-widget_type=\"html.default\">\n\t\t\t\t<div class=\"elementor-widget-container\">\n\t\t\t\t\t<div class=\"pdf-container\">\n<embed src=\"https:\/\/www.trenlocal.pe\/wp-content\/uploads\/2025\/02\/Tren-Local-Tarifa-pobladores-y-residentes.pdf#toolbar=0\" type=\"application\/pdf\" width=\"800\" height=\"1080\" class=\"responsive-pdf\">\n<\/div>\t\t\t\t<\/div>\n\t\t\t\t<\/div>\n\t\t\t\t<\/div>\n\t\t<div id=\"e-n-tab-content-5458245712\" role=\"tabpanel\" aria-labelledby=\"e-n-tab-title-5458245712\" data-tab-index=\"2\" style=\"--n-tabs-title-order: 2;\" class=\" elementor-element elementor-element-83c92ae e-con-full e-flex e-con e-child\" data-id=\"83c92ae\" data-element_type=\"container\">\n\t\t<div class=\"elementor-element elementor-element-58f34f91 e-flex e-con-boxed e-con e-child\" data-id=\"58f34f91\" data-element_type=\"container\">\n\t\t\t\t\t<div class=\"e-con-inner\">\n\t\t\t\t<div class=\"elementor-element elementor-element-459b43c8 elementor-widget elementor-widget-text-editor\" data-id=\"459b43c8\" data-element_type=\"widget\" data-widget_type=\"text-editor.default\">\n\t\t\t\t<div class=\"elementor-widget-container\">\n\t\t\t\t\t\t\t\t\t<p><strong>Suyuyuq puririsqa:<\/strong> Cusco, Anta, Urubamba, La Convenci\u00f3n suyukunamanta kanki, Tren Localpi puriyta atinki, residencia qhawayninwan.<\/p>\t\t\t\t\t\t\t\t<\/div>\n\t\t\t\t<\/div>\n\t\t\t\t<div class=\"elementor-element elementor-element-c083a17 elementor-widget elementor-widget-text-editor\" data-id=\"c083a17\" data-element_type=\"widget\" data-widget_type=\"text-editor.default\">\n\t\t\t\t<div class=\"elementor-widget-container\">\n\t\t\t\t\t\t\t\t\t<p><strong>Nacional puririsqa:<\/strong> Per\u00fa llaqtakunamanta kawsayki, kay servicioqa chaninchaykunaqa kachkan. Kayqa huk llaqtapi kawsaykuq extranjero runakunapaqmi allin.<\/p>\t\t\t\t\t\t\t\t<\/div>\n\t\t\t\t<\/div>\n\t\t\t\t\t<\/div>\n\t\t\t\t<\/div>\n\t\t\t\t<div class=\"elementor-element elementor-element-10fad903 elementor-widget elementor-widget-button\" data-id=\"10fad903\" data-element_type=\"widget\" data-widget_type=\"button.default\">\n\t\t\t\t<div class=\"elementor-widget-container\">\n\t\t\t\t\t\t\t\t\t<div class=\"elementor-button-wrapper\">\n\t\t\t\t\t<a class=\"elementor-button elementor-button-link elementor-size-sm\" href=\"https:\/\/www.trenlocal.pe\/wp-content\/uploads\/2025\/02\/Tren-Local-Tarifa-turista-provincial-y-nacional.pdf\" target=\"_blank\">\n\t\t\t\t\t\t<span class=\"elementor-button-content-wrapper\">\n\t\t\t\t\t\t\t\t\t<span class=\"elementor-button-text\">Chaninchay suyuyuq, nacional hurquy<\/span>\n\t\t\t\t\t<\/span>\n\t\t\t\t\t<\/a>\n\t\t\t\t<\/div>\n\t\t\t\t\t\t\t\t<\/div>\n\t\t\t\t<\/div>\n\t\t\t\t<div class=\"elementor-element elementor-element-74c0b740 elementor-widget__width-initial elementor-widget-tablet__width-inherit elementor-widget elementor-widget-html\" data-id=\"74c0b740\" data-element_type=\"widget\" data-widget_type=\"html.default\">\n\t\t\t\t<div class=\"elementor-widget-container\">\n\t\t\t\t\t<div class=\"pdf-container\">\n<embed src=\"https:\/\/www.trenlocal.pe\/wp-content\/uploads\/2025\/02\/Tren-Local-Tarifa-turista-provincial-y-nacional.pdf#toolbar=0\" type=\"application\/pdf\" width=\"800\" height=\"1080\" class=\"responsive-pdf\">\n<\/div>\t\t\t\t<\/div>\n\t\t\t\t<\/div>\n\t\t\t\t<\/div>\n\t\t\t\t\t<\/div>\n\t\t<\/div>\n\t\t\t\t\t\t<\/div>\n\t\t\t\t<\/div>\n\t\t\t\t\t<\/div>\n\t\t\t\t<\/div>\n\t\t\t\t<\/div>\n\t\t","protected":false},"excerpt":{"rendered":"<p>Chaninchaykuna Tren Local nisqaqa chaninchaykunata ruwachkan Machupicchupi kawsaykuq runakunapaq, Anta, Urubamba, La Convenci\u00f3n suyukunayuqkunaq. Munanchikmi allin puriyta ruwanki, seguridadwan, chaninchay [&hellip;]<\/p>\n","protected":false},"author":2,"featured_media":0,"parent":0,"menu_order":0,"comment_status":"closed","ping_status":"closed","template":"","meta":{"site-sidebar-layout":"no-sidebar","site-content-layout":"","ast-site-content-layout":"full-width-container","site-content-style":"default","site-sidebar-style":"default","ast-global-header-display":"","ast-banner-title-visibility":"","ast-main-header-display":"","ast-hfb-above-header-display":"","ast-hfb-below-header-display":"","ast-hfb-mobile-header-display":"","site-post-title":"disabled","ast-breadcrumbs-content":"","ast-featured-img":"disabled","footer-sml-layout":"","theme-transparent-header-meta":"","adv-header-id-meta":"","stick-header-meta":"","header-above-stick-meta":"","header-main-stick-meta":"","header-below-stick-meta":"","astra-migrate-meta-layouts":"default","ast-page-background-enabled":"default","ast-page-background-meta":{"desktop":{"background-color":"var(--ast-global-color-5)","background-image":"","background-repeat":"repeat","background-position":"center center","background-size":"auto","background-attachment":"scroll","background-type":"","background-media":"","overlay-type":"","overlay-color":"","overlay-opacity":"","overlay-gradient":""},"tablet":{"background-color":"","background-image":"","background-repeat":"repeat","background-position":"center center","background-size":"auto","background-attachment":"scroll","background-type":"","background-media":"","overlay-type":"","overlay-color":"","overlay-opacity":"","overlay-gradient":""},"mobile":{"background-color":"","background-image":"","background-repeat":"repeat","background-position":"center center","background-size":"auto","background-attachment":"scroll","background-type":"","background-media":"","overlay-type":"","overlay-color":"","overlay-opacity":"","overlay-gradient":""}},"ast-content-background-meta":{"desktop":{"background-color":"var(--ast-global-color-4)","background-image":"","background-repeat":"repeat","background-position":"center center","background-size":"auto","background-attachment":"scroll","background-type":"","background-media":"","overlay-type":"","overlay-color":"","overlay-opacity":"","overlay-gradient":""},"tablet":{"background-color":"var(--ast-global-color-4)","background-image":"","background-repeat":"repeat","background-position":"center center","background-size":"auto","background-attachment":"scroll","background-type":"","background-media":"","overlay-type":"","overlay-color":"","overlay-opacity":"","overlay-gradient":""},"mobile":{"background-color":"var(--ast-global-color-4)","background-image":"","background-repeat":"repeat","background-position":"center center","background-size":"auto","background-attachment":"scroll","background-type":"","background-media":"","overlay-type":"","overlay-color":"","overlay-opacity":"","overlay-gradient":""}},"footnotes":""},"class_list":["post-3124","page","type-page","status-publish","hentry"],"yoast_head":"<!-- This site is optimized with the Yoast SEO plugin v25.6 - https:\/\/yoast.com\/wordpress\/plugins\/seo\/ -->\n<title>Tren Localpa chaninchaykuna \u2013 Llaqtayuq, suyuyuq, nacional puririsqakunapaq<\/title>\n<meta name=\"description\" content=\"Yachay chaninchaykuna llaqtayuq, suyuyuq, nacional puririsqakunapaq. Tarifa preferencial Machupicchu llaqtayuqkunaq, llaqta kawsayninpa yanapayninpaq.\" \/>\n<meta name=\"robots\" content=\"index, follow, max-snippet:-1, max-image-preview:large, max-video-preview:-1\" \/>\n<link rel=\"canonical\" href=\"https:\/\/www.trenlocal.pe\/qu\/chaninchaykuna\/\" \/>\n<meta property=\"og:locale\" content=\"en_US\" \/>\n<meta property=\"og:type\" content=\"article\" \/>\n<meta property=\"og:title\" content=\"Tren Localpa chaninchaykuna \u2013 Llaqtayuq, suyuyuq, nacional puririsqakunapaq\" \/>\n<meta property=\"og:description\" content=\"Yachay chaninchaykuna llaqtayuq, suyuyuq, nacional puririsqakunapaq. Tarifa preferencial Machupicchu llaqtayuqkunaq, llaqta kawsayninpa yanapayninpaq.\" \/>\n<meta property=\"og:url\" content=\"https:\/\/www.trenlocal.pe\/qu\/chaninchaykuna\/\" \/>\n<meta property=\"og:site_name\" content=\"Tren Local\" \/>\n<meta property=\"article:modified_time\" content=\"2025-10-27T21:30:38+00:00\" \/>\n<meta property=\"og:image\" content=\"https:\/\/www.trenlocal.pe\/wp-content\/uploads\/2025\/07\/generico-tren-local-desktop-e1754004068265.webp\" \/>\n\t<meta property=\"og:image:width\" content=\"1200\" \/>\n\t<meta property=\"og:image:height\" content=\"316\" \/>\n\t<meta property=\"og:image:type\" content=\"image\/webp\" \/>\n<meta name=\"twitter:card\" content=\"summary_large_image\" \/>\n<meta name=\"twitter:label1\" content=\"Est. reading time\" \/>\n\t<meta name=\"twitter:data1\" content=\"2 minutes\" \/>\n<script type=\"application\/ld+json\" class=\"yoast-schema-graph\">{\"@context\":\"https:\/\/schema.org\",\"@graph\":[{\"@type\":\"WebPage\",\"@id\":\"https:\/\/www.trenlocal.pe\/qu\/chaninchaykuna\/\",\"url\":\"https:\/\/www.trenlocal.pe\/qu\/chaninchaykuna\/\",\"name\":\"Tren Localpa chaninchaykuna \u2013 Llaqtayuq, suyuyuq, nacional puririsqakunapaq\",\"isPartOf\":{\"@id\":\"https:\/\/www.trenlocal.pe\/qu\/#website\"},\"datePublished\":\"2025-10-22T15:54:33+00:00\",\"dateModified\":\"2025-10-27T21:30:38+00:00\",\"description\":\"Yachay chaninchaykuna llaqtayuq, suyuyuq, nacional puririsqakunapaq. Tarifa preferencial Machupicchu llaqtayuqkunaq, llaqta kawsayninpa yanapayninpaq.\",\"inLanguage\":\"quz-PE\",\"potentialAction\":[{\"@type\":\"ReadAction\",\"target\":[\"https:\/\/www.trenlocal.pe\/qu\/chaninchaykuna\/\"]}]},{\"@type\":\"WebSite\",\"@id\":\"https:\/\/www.trenlocal.pe\/qu\/#website\",\"url\":\"https:\/\/www.trenlocal.pe\/qu\/\",\"name\":\"Tren Local | Transporte Ferroviario para la Comunidad de Cusco y Machupicchu\",\"description\":\"El Tren Local es un servicio de transporte diario para residentes de Machupicchu y ciudadanos de las provincias cusque\u00f1as de Anta, Urubamba y La Convenci\u00f3n; dise\u00f1ado para facilitar su movilidad y desarrollo. Su enfoque es social, brindando una opci\u00f3n accesible y segura.\",\"publisher\":{\"@id\":\"https:\/\/www.trenlocal.pe\/qu\/#organization\"},\"potentialAction\":[{\"@type\":\"SearchAction\",\"target\":{\"@type\":\"EntryPoint\",\"urlTemplate\":\"https:\/\/www.trenlocal.pe\/qu\/?s={search_term_string}\"},\"query-input\":{\"@type\":\"PropertyValueSpecification\",\"valueRequired\":true,\"valueName\":\"search_term_string\"}}],\"inLanguage\":\"quz-PE\"},{\"@type\":\"Organization\",\"@id\":\"https:\/\/www.trenlocal.pe\/qu\/#organization\",\"name\":\"Tren Local | Transporte Ferroviario para la Comunidad de Cusco y Machupicchu\",\"url\":\"https:\/\/www.trenlocal.pe\/qu\/\",\"logo\":{\"@type\":\"ImageObject\",\"inLanguage\":\"quz-PE\",\"@id\":\"https:\/\/www.trenlocal.pe\/qu\/#\/schema\/logo\/image\/\",\"url\":\"https:\/\/www.trenlocal.pe\/wp-content\/uploads\/2025\/10\/Logo-tren-local-verde.webp\",\"contentUrl\":\"https:\/\/www.trenlocal.pe\/wp-content\/uploads\/2025\/10\/Logo-tren-local-verde.webp\",\"width\":922,\"height\":315,\"caption\":\"Tren Local | Transporte Ferroviario para la Comunidad de Cusco y Machupicchu\"},\"image\":{\"@id\":\"https:\/\/www.trenlocal.pe\/qu\/#\/schema\/logo\/image\/\"}}]}<\/script>\n<!-- \/ Yoast SEO plugin. -->","yoast_head_json":{"title":"Tren Localpa chaninchaykuna \u2013 Llaqtayuq, suyuyuq, nacional puririsqakunapaq","description":"Yachay chaninchaykuna llaqtayuq, suyuyuq, nacional puririsqakunapaq. Tarifa preferencial Machupicchu llaqtayuqkunaq, llaqta kawsayninpa yanapayninpaq.","robots":{"index":"index","follow":"follow","max-snippet":"max-snippet:-1","max-image-preview":"max-image-preview:large","max-video-preview":"max-video-preview:-1"},"canonical":"https:\/\/www.trenlocal.pe\/qu\/chaninchaykuna\/","og_locale":"en_US","og_type":"article","og_title":"Tren Localpa chaninchaykuna \u2013 Llaqtayuq, suyuyuq, nacional puririsqakunapaq","og_description":"Yachay chaninchaykuna llaqtayuq, suyuyuq, nacional puririsqakunapaq. Tarifa preferencial Machupicchu llaqtayuqkunaq, llaqta kawsayninpa yanapayninpaq.","og_url":"https:\/\/www.trenlocal.pe\/qu\/chaninchaykuna\/","og_site_name":"Tren Local","article_modified_time":"2025-10-27T21:30:38+00:00","og_image":[{"width":1200,"height":316,"url":"https:\/\/www.trenlocal.pe\/wp-content\/uploads\/2025\/07\/generico-tren-local-desktop-e1754004068265.webp","type":"image\/webp"}],"twitter_card":"summary_large_image","twitter_misc":{"Est. reading time":"2 minutes"},"schema":{"@context":"https:\/\/schema.org","@graph":[{"@type":"WebPage","@id":"https:\/\/www.trenlocal.pe\/qu\/chaninchaykuna\/","url":"https:\/\/www.trenlocal.pe\/qu\/chaninchaykuna\/","name":"Tren Localpa chaninchaykuna \u2013 Llaqtayuq, suyuyuq, nacional puririsqakunapaq","isPartOf":{"@id":"https:\/\/www.trenlocal.pe\/qu\/#website"},"datePublished":"2025-10-22T15:54:33+00:00","dateModified":"2025-10-27T21:30:38+00:00","description":"Yachay chaninchaykuna llaqtayuq, suyuyuq, nacional puririsqakunapaq. Tarifa preferencial Machupicchu llaqtayuqkunaq, llaqta kawsayninpa yanapayninpaq.","inLanguage":"quz-PE","potentialAction":[{"@type":"ReadAction","target":["https:\/\/www.trenlocal.pe\/qu\/chaninchaykuna\/"]}]},{"@type":"WebSite","@id":"https:\/\/www.trenlocal.pe\/qu\/#website","url":"https:\/\/www.trenlocal.pe\/qu\/","name":"Tren Local | Transporte Ferroviario para la Comunidad de Cusco y Machupicchu","description":"El Tren Local es un servicio de transporte diario para residentes de Machupicchu y ciudadanos de las provincias cusque\u00f1as de Anta, Urubamba y La Convenci\u00f3n; dise\u00f1ado para facilitar su movilidad y desarrollo. Su enfoque es social, brindando una opci\u00f3n accesible y segura.","publisher":{"@id":"https:\/\/www.trenlocal.pe\/qu\/#organization"},"potentialAction":[{"@type":"SearchAction","target":{"@type":"EntryPoint","urlTemplate":"https:\/\/www.trenlocal.pe\/qu\/?s={search_term_string}"},"query-input":{"@type":"PropertyValueSpecification","valueRequired":true,"valueName":"search_term_string"}}],"inLanguage":"quz-PE"},{"@type":"Organization","@id":"https:\/\/www.trenlocal.pe\/qu\/#organization","name":"Tren Local | Transporte Ferroviario para la Comunidad de Cusco y Machupicchu","url":"https:\/\/www.trenlocal.pe\/qu\/","logo":{"@type":"ImageObject","inLanguage":"quz-PE","@id":"https:\/\/www.trenlocal.pe\/qu\/#\/schema\/logo\/image\/","url":"https:\/\/www.trenlocal.pe\/wp-content\/uploads\/2025\/10\/Logo-tren-local-verde.webp","contentUrl":"https:\/\/www.trenlocal.pe\/wp-content\/uploads\/2025\/10\/Logo-tren-local-verde.webp","width":922,"height":315,"caption":"Tren Local | Transporte Ferroviario para la Comunidad de Cusco y Machupicchu"},"image":{"@id":"https:\/\/www.trenlocal.pe\/qu\/#\/schema\/logo\/image\/"}}]}},"_links":{"self":[{"href":"https:\/\/www.trenlocal.pe\/qu\/wp-json\/wp\/v2\/pages\/3124","targetHints":{"allow":["GET"]}}],"collection":[{"href":"https:\/\/www.trenlocal.pe\/qu\/wp-json\/wp\/v2\/pages"}],"about":[{"href":"https:\/\/www.trenlocal.pe\/qu\/wp-json\/wp\/v2\/types\/page"}],"author":[{"embeddable":true,"href":"https:\/\/www.trenlocal.pe\/qu\/wp-json\/wp\/v2\/users\/2"}],"replies":[{"embeddable":true,"href":"https:\/\/www.trenlocal.pe\/qu\/wp-json\/wp\/v2\/comments?post=3124"}],"version-history":[{"count":16,"href":"https:\/\/www.trenlocal.pe\/qu\/wp-json\/wp\/v2\/pages\/3124\/revisions"}],"predecessor-version":[{"id":3360,"href":"https:\/\/www.trenlocal.pe\/qu\/wp-json\/wp\/v2\/pages\/3124\/revisions\/3360"}],"wp:attachment":[{"href":"https:\/\/www.trenlocal.pe\/qu\/wp-json\/wp\/v2\/media?parent=3124"}],"curies":[{"name":"wp","href":"https:\/\/api.w.org\/{rel}","templated":true}]}}